{"id":484,"date":"2019-09-26T10:01:05","date_gmt":"2019-09-26T10:01:05","guid":{"rendered":"https:\/\/bsacompliancesolutions.org\/?page_id=484"},"modified":"2020-01-31T21:54:02","modified_gmt":"2020-01-31T21:54:02","slug":"education-awareness","status":"publish","type":"page","link":"https:\/\/bsacompliancesolutions.org\/br\/education-awareness\/","title":{"rendered":"Educa\u00e7\u00e3o e conscientiza\u00e7\u00e3o"},"content":{"rendered":"","protected":false},"excerpt":{"rendered":"","protected":false},"author":1,"featured_media":0,"parent":0,"menu_order":11,"comment_status":"closed","ping_status":"closed","template":"template-Compliance-Marketing.php","meta":{"_acf_changed":false,"footnotes":""},"class_list":["post-484","page","type-page","status-publish","hentry"],"acf":[],"yoast_head":"<!-- This site is optimized with the Yoast SEO plugin v27.2 - https:\/\/yoast.com\/product\/yoast-seo-wordpress\/ -->\n<title>BSA Software Compliance Marketing and Influencer Engagement<\/title>\n<meta name=\"description\" content=\"Amplify your brand\u2019s reach and drive software compliance and enforcement results with BSA\u2019s end-user educational programs and global IP partnerships. Learn more.\" \/>\n<meta name=\"robots\" content=\"index, follow, max-snippet:-1, max-image-preview:large, max-video-preview:-1\" \/>\n<link rel=\"canonical\" href=\"https:\/\/bsacompliancesolutions.org\/br\/education-awareness\/\" \/>\n<meta property=\"og:locale\" content=\"pt_BR\" \/>\n<meta property=\"og:type\" content=\"article\" \/>\n<meta property=\"og:title\" content=\"BSA Software Compliance Marketing and Influencer Engagement\" \/>\n<meta property=\"og:description\" content=\"Amplify your brand\u2019s reach and drive software compliance and enforcement results with BSA\u2019s end-user educational programs and global IP partnerships. Learn more.\" \/>\n<meta property=\"og:url\" content=\"https:\/\/bsacompliancesolutions.org\/br\/education-awareness\/\" \/>\n<meta property=\"og:site_name\" content=\"Business Software Alliance\" \/>\n<meta property=\"article:modified_time\" content=\"2020-01-31T21:54:02+00:00\" \/>\n<meta property=\"og:image\" content=\"https:\/\/bsacompliancesolutions.org\/wp-content\/uploads\/2020\/02\/bsa-social.png\" \/>\n\t<meta property=\"og:image:width\" content=\"530\" \/>\n\t<meta property=\"og:image:height\" content=\"275\" \/>\n\t<meta property=\"og:image:type\" content=\"image\/png\" \/>\n<meta name=\"twitter:card\" content=\"summary_large_image\" \/>\n<script type=\"application\/ld+json\" class=\"yoast-schema-graph\">{\"@context\":\"https:\/\/schema.org\",\"@graph\":[{\"@type\":\"WebPage\",\"@id\":\"https:\/\/bsacompliancesolutions.org\/education-awareness\/\",\"url\":\"https:\/\/bsacompliancesolutions.org\/education-awareness\/\",\"name\":\"BSA Software Compliance Marketing and Influencer Engagement\",\"isPartOf\":{\"@id\":\"https:\/\/bsacompliancesolutions.org\/#website\"},\"datePublished\":\"2019-09-26T10:01:05+00:00\",\"dateModified\":\"2020-01-31T21:54:02+00:00\",\"description\":\"Amplify your brand\u2019s reach and drive software compliance and enforcement results with BSA\u2019s end-user educational programs and global IP partnerships. Learn more.\",\"inLanguage\":\"pt-BR\",\"potentialAction\":[{\"@type\":\"ReadAction\",\"target\":[\"https:\/\/bsacompliancesolutions.org\/education-awareness\/\"]}]},{\"@type\":\"WebSite\",\"@id\":\"https:\/\/bsacompliancesolutions.org\/#website\",\"url\":\"https:\/\/bsacompliancesolutions.org\/\",\"name\":\"Business Software Alliance\",\"description\":\"\",\"potentialAction\":[{\"@type\":\"SearchAction\",\"target\":{\"@type\":\"EntryPoint\",\"urlTemplate\":\"https:\/\/bsacompliancesolutions.org\/?s={search_term_string}\"},\"query-input\":{\"@type\":\"PropertyValueSpecification\",\"valueRequired\":true,\"valueName\":\"search_term_string\"}}],\"inLanguage\":\"pt-BR\"}]}<\/script>\n<!-- \/ Yoast SEO plugin. -->","yoast_head_json":{"title":"BSA Software Compliance Marketing and Influencer Engagement","description":"Amplify your brand\u2019s reach and drive software compliance and enforcement results with BSA\u2019s end-user educational programs and global IP partnerships. Learn more.","robots":{"index":"index","follow":"follow","max-snippet":"max-snippet:-1","max-image-preview":"max-image-preview:large","max-video-preview":"max-video-preview:-1"},"canonical":"https:\/\/bsacompliancesolutions.org\/br\/education-awareness\/","og_locale":"pt_BR","og_type":"article","og_title":"BSA Software Compliance Marketing and Influencer Engagement","og_description":"Amplify your brand\u2019s reach and drive software compliance and enforcement results with BSA\u2019s end-user educational programs and global IP partnerships. Learn more.","og_url":"https:\/\/bsacompliancesolutions.org\/br\/education-awareness\/","og_site_name":"Business Software Alliance","article_modified_time":"2020-01-31T21:54:02+00:00","og_image":[{"width":530,"height":275,"url":"https:\/\/bsacompliancesolutions.org\/wp-content\/uploads\/2020\/02\/bsa-social.png","type":"image\/png"}],"twitter_card":"summary_large_image","schema":{"@context":"https:\/\/schema.org","@graph":[{"@type":"WebPage","@id":"https:\/\/bsacompliancesolutions.org\/education-awareness\/","url":"https:\/\/bsacompliancesolutions.org\/education-awareness\/","name":"BSA Software Compliance Marketing and Influencer Engagement","isPartOf":{"@id":"https:\/\/bsacompliancesolutions.org\/#website"},"datePublished":"2019-09-26T10:01:05+00:00","dateModified":"2020-01-31T21:54:02+00:00","description":"Amplify your brand\u2019s reach and drive software compliance and enforcement results with BSA\u2019s end-user educational programs and global IP partnerships. Learn more.","inLanguage":"pt-BR","potentialAction":[{"@type":"ReadAction","target":["https:\/\/bsacompliancesolutions.org\/education-awareness\/"]}]},{"@type":"WebSite","@id":"https:\/\/bsacompliancesolutions.org\/#website","url":"https:\/\/bsacompliancesolutions.org\/","name":"Business Software Alliance","description":"","potentialAction":[{"@type":"SearchAction","target":{"@type":"EntryPoint","urlTemplate":"https:\/\/bsacompliancesolutions.org\/?s={search_term_string}"},"query-input":{"@type":"PropertyValueSpecification","valueRequired":true,"valueName":"search_term_string"}}],"inLanguage":"pt-BR"}]}},"_links":{"self":[{"href":"https:\/\/bsacompliancesolutions.org\/br\/wp-json\/wp\/v2\/pages\/484","targetHints":{"allow":["GET"]}}],"collection":[{"href":"https:\/\/bsacompliancesolutions.org\/br\/wp-json\/wp\/v2\/pages"}],"about":[{"href":"https:\/\/bsacompliancesolutions.org\/br\/wp-json\/wp\/v2\/types\/page"}],"author":[{"embeddable":true,"href":"https:\/\/bsacompliancesolutions.org\/br\/wp-json\/wp\/v2\/users\/1"}],"replies":[{"embeddable":true,"href":"https:\/\/bsacompliancesolutions.org\/br\/wp-json\/wp\/v2\/comments?post=484"}],"version-history":[{"count":0,"href":"https:\/\/bsacompliancesolutions.org\/br\/wp-json\/wp\/v2\/pages\/484\/revisions"}],"wp:attachment":[{"href":"https:\/\/bsacompliancesolutions.org\/br\/wp-json\/wp\/v2\/media?parent=484"}],"curies":[{"name":"wp","href":"https:\/\/api.w.org\/{rel}","templated":true}]}}