{"id":13,"date":"2019-06-17T19:46:42","date_gmt":"2019-06-17T19:46:42","guid":{"rendered":"http:\/\/bsacompliancesolutions.org\/?page_id=13"},"modified":"2020-02-10T09:09:28","modified_gmt":"2020-02-10T09:09:28","slug":"about-us","status":"publish","type":"page","link":"https:\/\/bsacompliancesolutions.org\/es\/about-us\/","title":{"rendered":"Sobre nosotros"},"content":{"rendered":"<p><div class=\"fusion-fullwidth fullwidth-box nonhundred-percent-fullwidth non-hundred-percent-height-scrolling\"  style='background-color: rgba(255,255,255,0);background-position: center center;background-repeat: no-repeat;padding-top:0px;padding-right:0px;padding-bottom:0px;padding-left:0px;'><div class=\"fusion-builder-row fusion-row\"><div  class=\"fusion-layout-column fusion_builder_column fusion_builder_column_1_1 fusion-builder-column-1 fusion-one-full fusion-column-first fusion-column-last 1_1\"  style='margin-top:0px;margin-bottom:0px;'>\n\t\t\t\t\t<div class=\"fusion-column-wrapper\" style=\"padding: 0px 0px 0px 0px;background-position:left top;background-repeat:no-repeat;-webkit-background-size:cover;-moz-background-size:cover;-o-background-size:cover;background-size:cover;\"   data-bg-url=\"\">\n\t\t\t\t\t\t<div class=\"fusion-text\"><p>BSA Compliance Solutions provides innovative programs focused on helping participating members protect their intellectual property. These programs help members acquire new customers, make existing customers safer and more secure, safeguard their brand and improve global recognition, and recover significant revenue.<\/p>\n<p>El equipo de soluciones de cumplimiento forma parte de <a href=\"http:\/\/www.bsa.org\">BSA | The Software Alliance<\/a>, el principal defensor de la industria del software global ante gobiernos y en el mercado internacional. Entre sus miembros se encuentran las empresas m\u00e1s innovadoras del mundo y crean soluciones de software que impulsan la econom\u00eda y mejoran la vida moderna. BSA tiene su sede en Washington D.C. y opera en docenas de pa\u00edses.<\/p>\n<\/div><div class=\"fusion-sep-clear\"><\/div><div class=\"fusion-separator fusion-full-width-sep sep-double\" style=\"border-color:#e0dede;border-top-width:0px;border-bottom-width:0px;margin-left: auto;margin-right: auto;margin-top:10px;margin-bottom:10px;\"><\/div><div class=\"fusion-button-wrapper fusion-aligncenter\"><style type=\"text\/css\" scoped=\"scoped\">.fusion-button.button-1 .fusion-button-text, .fusion-button.button-1 i {color:#ffffff;}.fusion-button.button-1 {border-width:0px;border-color:#ffffff;}.fusion-button.button-1 .fusion-button-icon-divider{border-color:#ffffff;}.fusion-button.button-1:hover .fusion-button-text, .fusion-button.button-1:hover i,.fusion-button.button-1:focus .fusion-button-text, .fusion-button.button-1:focus i,.fusion-button.button-1:active .fusion-button-text, .fusion-button.button-1:active{color:#ffffff;}.fusion-button.button-1:hover, .fusion-button.button-1:focus, .fusion-button.button-1:active{border-width:0px;border-color:#ffffff;}.fusion-button.button-1:hover .fusion-button-icon-divider, .fusion-button.button-1:hover .fusion-button-icon-divider, .fusion-button.button-1:active .fusion-button-icon-divider{border-color:#ffffff;}.fusion-button.button-1{width:auto;}<\/style><a class=\"fusion-button button-flat fusion-button-square button-large button-default button-1\" target=\"_self\" href=\"https:\/\/bsacompliancesolutions.org\/es\/#contact\"><span class=\"fusion-button-text\">Cont\u00e1ctenos<\/span><\/a><\/div><div class=\"fusion-sep-clear\"><\/div><div class=\"fusion-separator fusion-full-width-sep sep-double\" style=\"border-color:#e0dede;border-top-width:0px;border-bottom-width:0px;margin-left: auto;margin-right: auto;margin-top:10px;margin-bottom:10px;\"><\/div><div class=\"fusion-clearfix\"><\/div>\n\n\t\t\t\t\t<\/div>\n\t\t\t\t<\/div><\/div><\/div><div class=\"fusion-fullwidth fullwidth-box nonhundred-percent-fullwidth non-hundred-percent-height-scrolling\"  style='background-color: rgba(255,255,255,0);background-position: center center;background-repeat: no-repeat;padding-top:0px;padding-right:0px;padding-bottom:0px;padding-left:0px;'><div class=\"fusion-builder-row fusion-row\"><div  class=\"fusion-layout-column fusion_builder_column fusion_builder_column_1_1 fusion-builder-column-2 fusion-one-full fusion-column-first fusion-column-last 1_1\"  style='margin-top:0px;margin-bottom:20px;'>\n\t\t\t\t\t<div class=\"fusion-column-wrapper\" style=\"padding: 0px 0px 0px 0px;background-position:left top;background-repeat:no-repeat;-webkit-background-size:cover;-moz-background-size:cover;-o-background-size:cover;background-size:cover;\"   data-bg-url=\"\">\n\t\t\t\t\t\t<div class=\"fusion-clearfix\"><\/div>\n\n\t\t\t\t\t<\/div>\n\t\t\t\t<\/div><\/div><\/div><\/p>","protected":false},"excerpt":{"rendered":"","protected":false},"author":1,"featured_media":0,"parent":0,"menu_order":21,"comment_status":"closed","ping_status":"closed","template":"template-aboutus.php","meta":{"_acf_changed":false,"footnotes":""},"class_list":["post-13","page","type-page","status-publish","hentry"],"acf":[],"yoast_head":"<!-- This site is optimized with the Yoast SEO plugin v27.2 - https:\/\/yoast.com\/product\/yoast-seo-wordpress\/ -->\n<title>About BSA - Leaders in Software Compliance and Enforcement<\/title>\n<meta name=\"description\" content=\"BSA offers innovative compliance and enforcement programs that promote legal software use and help member companies protect their intellectual property.\" \/>\n<meta name=\"robots\" content=\"index, follow, max-snippet:-1, max-image-preview:large, max-video-preview:-1\" \/>\n<link rel=\"canonical\" href=\"https:\/\/bsacompliancesolutions.org\/es\/about-us\/\" \/>\n<meta property=\"og:locale\" content=\"es_ES\" \/>\n<meta property=\"og:type\" content=\"article\" \/>\n<meta property=\"og:title\" content=\"About BSA - Leaders in Software Compliance and Enforcement\" \/>\n<meta property=\"og:description\" content=\"BSA offers innovative compliance and enforcement programs that promote legal software use and help member companies protect their intellectual property.\" \/>\n<meta property=\"og:url\" content=\"https:\/\/bsacompliancesolutions.org\/es\/about-us\/\" \/>\n<meta property=\"og:site_name\" content=\"Business Software Alliance\" \/>\n<meta property=\"article:modified_time\" content=\"2020-02-10T09:09:28+00:00\" \/>\n<meta property=\"og:image\" content=\"https:\/\/bsacompliancesolutions.org\/wp-content\/uploads\/2020\/02\/bsa-social.png\" \/>\n\t<meta property=\"og:image:width\" content=\"530\" \/>\n\t<meta property=\"og:image:height\" content=\"275\" \/>\n\t<meta property=\"og:image:type\" content=\"image\/png\" \/>\n<meta name=\"twitter:card\" content=\"summary_large_image\" \/>\n<meta name=\"twitter:label1\" content=\"Tiempo de lectura\" \/>\n\t<meta name=\"twitter:data1\" content=\"3 minutos\" \/>\n<script type=\"application\/ld+json\" class=\"yoast-schema-graph\">{\"@context\":\"https:\/\/schema.org\",\"@graph\":[{\"@type\":\"WebPage\",\"@id\":\"https:\/\/bsacompliancesolutions.org\/about-us\/\",\"url\":\"https:\/\/bsacompliancesolutions.org\/about-us\/\",\"name\":\"About BSA - Leaders in Software Compliance and Enforcement\",\"isPartOf\":{\"@id\":\"https:\/\/bsacompliancesolutions.org\/#website\"},\"datePublished\":\"2019-06-17T19:46:42+00:00\",\"dateModified\":\"2020-02-10T09:09:28+00:00\",\"description\":\"BSA offers innovative compliance and enforcement programs that promote legal software use and help member companies protect their intellectual property.\",\"inLanguage\":\"es-AR\",\"potentialAction\":[{\"@type\":\"ReadAction\",\"target\":[\"https:\/\/bsacompliancesolutions.org\/about-us\/\"]}]},{\"@type\":\"WebSite\",\"@id\":\"https:\/\/bsacompliancesolutions.org\/#website\",\"url\":\"https:\/\/bsacompliancesolutions.org\/\",\"name\":\"Business Software Alliance\",\"description\":\"\",\"potentialAction\":[{\"@type\":\"SearchAction\",\"target\":{\"@type\":\"EntryPoint\",\"urlTemplate\":\"https:\/\/bsacompliancesolutions.org\/?s={search_term_string}\"},\"query-input\":{\"@type\":\"PropertyValueSpecification\",\"valueRequired\":true,\"valueName\":\"search_term_string\"}}],\"inLanguage\":\"es-AR\"}]}<\/script>\n<!-- \/ Yoast SEO plugin. -->","yoast_head_json":{"title":"Acerca de BSA: l\u00edderes en cumplimiento y aplicaci\u00f3n de software","description":"BSA ofrece programas innovadores de cumplimiento y ejecuci\u00f3n, que promueven el uso de software legal y ayudan a las empresas miembro a proteger su propiedad intelectual.","robots":{"index":"index","follow":"follow","max-snippet":"max-snippet:-1","max-image-preview":"max-image-preview:large","max-video-preview":"max-video-preview:-1"},"canonical":"https:\/\/bsacompliancesolutions.org\/es\/about-us\/","og_locale":"es_ES","og_type":"article","og_title":"About BSA - Leaders in Software Compliance and Enforcement","og_description":"BSA offers innovative compliance and enforcement programs that promote legal software use and help member companies protect their intellectual property.","og_url":"https:\/\/bsacompliancesolutions.org\/es\/about-us\/","og_site_name":"Business Software Alliance","article_modified_time":"2020-02-10T09:09:28+00:00","og_image":[{"width":530,"height":275,"url":"https:\/\/bsacompliancesolutions.org\/wp-content\/uploads\/2020\/02\/bsa-social.png","type":"image\/png"}],"twitter_card":"summary_large_image","twitter_misc":{"Tiempo de lectura":"3 minutos"},"schema":{"@context":"https:\/\/schema.org","@graph":[{"@type":"WebPage","@id":"https:\/\/bsacompliancesolutions.org\/about-us\/","url":"https:\/\/bsacompliancesolutions.org\/about-us\/","name":"Acerca de BSA: l\u00edderes en cumplimiento y aplicaci\u00f3n de software","isPartOf":{"@id":"https:\/\/bsacompliancesolutions.org\/#website"},"datePublished":"2019-06-17T19:46:42+00:00","dateModified":"2020-02-10T09:09:28+00:00","description":"BSA ofrece programas innovadores de cumplimiento y ejecuci\u00f3n, que promueven el uso de software legal y ayudan a las empresas miembro a proteger su propiedad intelectual.","inLanguage":"es-AR","potentialAction":[{"@type":"ReadAction","target":["https:\/\/bsacompliancesolutions.org\/about-us\/"]}]},{"@type":"WebSite","@id":"https:\/\/bsacompliancesolutions.org\/#website","url":"https:\/\/bsacompliancesolutions.org\/","name":"Business Software Alliance","description":"","potentialAction":[{"@type":"SearchAction","target":{"@type":"EntryPoint","urlTemplate":"https:\/\/bsacompliancesolutions.org\/?s={search_term_string}"},"query-input":{"@type":"PropertyValueSpecification","valueRequired":true,"valueName":"search_term_string"}}],"inLanguage":"es-AR"}]}},"_links":{"self":[{"href":"https:\/\/bsacompliancesolutions.org\/es\/wp-json\/wp\/v2\/pages\/13","targetHints":{"allow":["GET"]}}],"collection":[{"href":"https:\/\/bsacompliancesolutions.org\/es\/wp-json\/wp\/v2\/pages"}],"about":[{"href":"https:\/\/bsacompliancesolutions.org\/es\/wp-json\/wp\/v2\/types\/page"}],"author":[{"embeddable":true,"href":"https:\/\/bsacompliancesolutions.org\/es\/wp-json\/wp\/v2\/users\/1"}],"replies":[{"embeddable":true,"href":"https:\/\/bsacompliancesolutions.org\/es\/wp-json\/wp\/v2\/comments?post=13"}],"version-history":[{"count":0,"href":"https:\/\/bsacompliancesolutions.org\/es\/wp-json\/wp\/v2\/pages\/13\/revisions"}],"wp:attachment":[{"href":"https:\/\/bsacompliancesolutions.org\/es\/wp-json\/wp\/v2\/media?parent=13"}],"curies":[{"name":"wp","href":"https:\/\/api.w.org\/{rel}","templated":true}]}}